{"id":952,"date":"2023-05-08T09:47:20","date_gmt":"2023-05-08T09:47:20","guid":{"rendered":"https:\/\/www.botigatorrons.com\/jijona-m-mira-helados-y-turrones-artesanales\/"},"modified":"2023-11-28T09:16:02","modified_gmt":"2023-11-28T09:16:02","slug":"jijona-m-mira-helados-y-turrones-artesanales","status":"publish","type":"page","link":"https:\/\/www.botigatorrons.com\/es\/","title":{"rendered":"Jijona m.mira, helados y turrones artesanales"},"content":{"rendered":"<p>[et_pb_section fb_built=\u00bb1&#8243; _builder_version=\u00bb4.21.0&#8243; _module_preset=\u00bbdefault\u00bb background_color=\u00bb#D7D8DD\u00bb background_image=\u00bbhttps:\/\/www.botigatorrons.com\/wp-content\/uploads\/2023\/09\/Gelats-i-torrons-de-Xixona-Maite-Mira.jpg\u00bb background_blend=\u00bbmultiply\u00bb min_height=\u00bb70vh\u00bb min_height_tablet=\u00bb\u00bb min_height_phone=\u00bb\u00bb min_height_last_edited=\u00bbon|tablet\u00bb custom_margin=\u00bb0px||||false|false\u00bb custom_padding=\u00bb||||false|false\u00bb global_colors_info=\u00bb{}\u00bb][et_pb_row _builder_version=\u00bb4.21.0&#8243; _module_preset=\u00bbdefault\u00bb positioning=\u00bbabsolute\u00bb position_origin_a=\u00bbcenter_center\u00bb position_origin_a_tablet=\u00bbcenter_center\u00bb position_origin_a_phone=\u00bbcenter_center\u00bb position_origin_a_last_edited=\u00bbon|desktop\u00bb position_origin_f_tablet=\u00bb\u00bb position_origin_f_phone=\u00bb\u00bb position_origin_f_last_edited=\u00bbon|desktop\u00bb position_origin_r_tablet=\u00bb\u00bb position_origin_r_phone=\u00bb\u00bb position_origin_r_last_edited=\u00bbon|desktop\u00bb positioning_tablet=\u00bbnone\u00bb positioning_phone=\u00bbnone\u00bb positioning_last_edited=\u00bbon|desktop\u00bb global_colors_info=\u00bb{}\u00bb][et_pb_column type=\u00bb4_4&#8243; _builder_version=\u00bb4.21.0&#8243; _module_preset=\u00bbdefault\u00bb global_colors_info=\u00bb{}\u00bb][et_pb_cta title=\u00bbHelados y turrones <br \/>de Jijona\u00bb button_url=\u00bb@ET-DC@eyJkeW5hbWljIjp0cnVlLCJjb250ZW50IjoicG9zdF9saW5rX3VybF9wYWdlIiwic2V0dGluZ3MiOnsicG9zdF9pZCI6IjMyIn19@\u00bb disabled_on=\u00bboff|off|off\u00bb _builder_version=\u00bb4.21.0&#8243; _dynamic_attributes=\u00bbbutton_url\u00bb _module_preset=\u00bb6b58510b-dfd7-4033-98b3-b56299774e45&#8243; global_colors_info=\u00bb{}\u00bb][\/et_pb_cta][\/et_pb_column][\/et_pb_row][\/et_pb_section][et_pb_section fb_built=\u00bb1&#8243; _builder_version=\u00bb4.21.0&#8243; _module_preset=\u00bbdefault\u00bb global_colors_info=\u00bb{}\u00bb][et_pb_row column_structure=\u00bb1_2,1_2&#8243; make_equal=\u00bbon\u00bb _builder_version=\u00bb4.21.0&#8243; _module_preset=\u00bbdefault\u00bb custom_css_main_element=\u00bbalign-items:center\u00bb global_colors_info=\u00bb{}\u00bb][et_pb_column type=\u00bb1_2&#8243; _builder_version=\u00bb4.21.0&#8243; _module_preset=\u00bbdefault\u00bb global_colors_info=\u00bb{}\u00bb][et_pb_text _builder_version=\u00bb4.21.0&#8243; _module_preset=\u00bbdefault\u00bb global_colors_info=\u00bb{}\u00bb]<\/p>\n<h2>Maite Mira<\/h2>\n<p>Has llegado a la tienda de M. Mira.<\/p>\n<p>Aqu\u00ed descubrir\u00e1s una selecci\u00f3n de turrones artesanales y helados exquisitos, todos ellos elaborados siguiendo la tradici\u00f3n familiar que se remonta a m\u00e1s de 50 a\u00f1os. Esta pasi\u00f3n por la dulzura se ha transmitido de generaci\u00f3n en generaci\u00f3n, y ahora puedes disfrutarla en nuestro establecimiento de Vilafranca del Pened\u00e8s.<\/p>\n<p>&nbsp;<\/p>\n<p>[\/et_pb_text][\/et_pb_column][et_pb_column type=\u00bb1_2&#8243; _builder_version=\u00bb4.21.0&#8243; _module_preset=\u00bbdefault\u00bb global_colors_info=\u00bb{}\u00bb][et_pb_image src=\u00bbhttps:\/\/www.botigatorrons.com\/wp-content\/uploads\/2023\/05\/Maite-Mira.jpg\u00bb title_text=\u00bbMaite Mira\u00bb _builder_version=\u00bb4.21.0&#8243; _module_preset=\u00bbdefault\u00bb global_colors_info=\u00bb{}\u00bb][\/et_pb_image][\/et_pb_column][\/et_pb_row][\/et_pb_section][et_pb_section fb_built=\u00bb1&#8243; _builder_version=\u00bb4.21.0&#8243; _module_preset=\u00bbdefault\u00bb global_colors_info=\u00bb{}\u00bb][et_pb_row column_structure=\u00bb1_4,1_4,1_4,1_4&#8243; _builder_version=\u00bb4.21.0&#8243; _module_preset=\u00bb892ebfe5-fa6a-4ad0-a134-d291872fc112&#8243; global_colors_info=\u00bb{}\u00bb][et_pb_column type=\u00bb1_4&#8243; _builder_version=\u00bb4.21.0&#8243; _dynamic_attributes=\u00bblink_option_url\u00bb _module_preset=\u00bb53449359-06d7-4c7a-b4cc-1c5d84a3b765&#8243; background_color=\u00bbrgba(242,242,242,0.14)\u00bb background_image=\u00bbhttps:\/\/www.botigatorrons.com\/wp-content\/uploads\/2023\/09\/Gelats-i-torrons-de-Xixona-Maite-Mira-2.jpg\u00bb link_option_url=\u00bb@ET-DC@eyJkeW5hbWljIjp0cnVlLCJjb250ZW50IjoicG9zdF9saW5rX3VybF9wYWdlIiwic2V0dGluZ3MiOnsicG9zdF9pZCI6IjMwIn19@\u00bb global_colors_info=\u00bb{}\u00bb][et_pb_text _builder_version=\u00bb4.21.0&#8243; _module_preset=\u00bb1fea8d75-24a8-499f-952c-f83292dbfe8c\u00bb global_colors_info=\u00bb{}\u00bb]<\/p>\n<h2>Turrones<\/h2>\n<p>[\/et_pb_text][\/et_pb_column][et_pb_column type=\u00bb1_4&#8243; _builder_version=\u00bb4.21.0&#8243; _dynamic_attributes=\u00bblink_option_url\u00bb _module_preset=\u00bb53449359-06d7-4c7a-b4cc-1c5d84a3b765&#8243; background_color=\u00bbrgba(242,242,242,0.14)\u00bb background_image=\u00bbhttps:\/\/www.botigatorrons.com\/wp-content\/uploads\/2023\/05\/Gelats-Maite-Mira.jpg\u00bb link_option_url=\u00bb@ET-DC@eyJkeW5hbWljIjp0cnVlLCJjb250ZW50IjoicG9zdF9saW5rX3VybF9wYWdlIiwic2V0dGluZ3MiOnsicG9zdF9pZCI6IjMxIn19@\u00bb global_colors_info=\u00bb{}\u00bb][et_pb_text _builder_version=\u00bb4.21.0&#8243; _module_preset=\u00bb1fea8d75-24a8-499f-952c-f83292dbfe8c\u00bb global_colors_info=\u00bb{}\u00bb]<\/p>\n<h2>Helados<\/h2>\n<p>[\/et_pb_text][\/et_pb_column][et_pb_column type=\u00bb1_4&#8243; _builder_version=\u00bb4.21.0&#8243; _dynamic_attributes=\u00bblink_option_url\u00bb _module_preset=\u00bb53449359-06d7-4c7a-b4cc-1c5d84a3b765&#8243; background_color=\u00bbrgba(242,242,242,0.14)\u00bb background_image=\u00bbhttps:\/\/www.botigatorrons.com\/wp-content\/uploads\/2023\/05\/Orxata-Maite-Mira.jpg\u00bb link_option_url=\u00bb@ET-DC@eyJkeW5hbWljIjp0cnVlLCJjb250ZW50IjoicG9zdF9saW5rX3VybF9wYWdlIiwic2V0dGluZ3MiOnsicG9zdF9pZCI6IjMxIn19@\u00bb global_colors_info=\u00bb{}\u00bb][et_pb_text _builder_version=\u00bb4.21.0&#8243; _module_preset=\u00bb1fea8d75-24a8-499f-952c-f83292dbfe8c\u00bb global_colors_info=\u00bb{}\u00bb]<\/p>\n<h2>Horchata<\/h2>\n<p>[\/et_pb_text][\/et_pb_column][et_pb_column type=\u00bb1_4&#8243; _builder_version=\u00bb4.21.0&#8243; _dynamic_attributes=\u00bblink_option_url\u00bb _module_preset=\u00bb53449359-06d7-4c7a-b4cc-1c5d84a3b765&#8243; background_color=\u00bbrgba(242,242,242,0.14)\u00bb background_image=\u00bbhttps:\/\/www.botigatorrons.com\/wp-content\/uploads\/2023\/05\/Granisats-Maite-Mira.jpg\u00bb link_option_url=\u00bb@ET-DC@eyJkeW5hbWljIjp0cnVlLCJjb250ZW50IjoicG9zdF9saW5rX3VybF9wYWdlIiwic2V0dGluZ3MiOnsicG9zdF9pZCI6IjMxIn19@\u00bb global_colors_info=\u00bb{}\u00bb][et_pb_text _builder_version=\u00bb4.21.0&#8243; _module_preset=\u00bb1fea8d75-24a8-499f-952c-f83292dbfe8c\u00bb global_colors_info=\u00bb{}\u00bb]<\/p>\n<h2>Granizados<\/h2>\n<p>[\/et_pb_text][\/et_pb_column][\/et_pb_row][\/et_pb_section][et_pb_section fb_built=\u00bb1&#8243; _builder_version=\u00bb4.21.0&#8243; _module_preset=\u00bbdefault\u00bb background_color=\u00bb#9B9DA0&#8243; background_image=\u00bbhttps:\/\/www.botigatorrons.com\/wp-content\/uploads\/2023\/09\/Orxata-Maite-Mira-Xixona.jpg\u00bb background_blend=\u00bbmultiply\u00bb global_module=\u00bb133&#8243; saved_tabs=\u00bball\u00bb global_colors_info=\u00bb{}\u00bb][et_pb_row _builder_version=\u00bb4.21.0&#8243; _module_preset=\u00bbdefault\u00bb global_colors_info=\u00bb{}\u00bb][et_pb_column type=\u00bb4_4&#8243; _builder_version=\u00bb4.21.0&#8243; _module_preset=\u00bbdefault\u00bb global_colors_info=\u00bb{}\u00bb][et_pb_cta title=\u00bbHaz tu pedido\u00bb button_url=\u00bbtel:938170088&#8243; button_text=\u00bbLl\u00e1manos\u00bb _builder_version=\u00bb4.21.0&#8243; _module_preset=\u00bbdefault\u00bb link_option_url=\u00bbtel:938170088&#8243; global_colors_info=\u00bb{}\u00bb]<\/p>\n<p>Haz tu pedido por tel\u00e9fono y ven a recogerlo en la tienda.<\/p>\n<p>[\/et_pb_cta][\/et_pb_column][\/et_pb_row][\/et_pb_section][et_pb_section fb_built=\u00bb1&#8243; _builder_version=\u00bb4.21.0&#8243; _module_preset=\u00bbdefault\u00bb background_image=\u00bbhttps:\/\/www.botigatorrons.com\/wp-content\/uploads\/2023\/05\/Galeria-imatges-M.Mira_-scaled.jpg\u00bb global_colors_info=\u00bb{}\u00bb][et_pb_row _builder_version=\u00bb4.21.0&#8243; _module_preset=\u00bbdefault\u00bb width=\u00bb100%\u00bb max_width=\u00bb100%\u00bb global_colors_info=\u00bb{}\u00bb][et_pb_column type=\u00bb4_4&#8243; _builder_version=\u00bb4.21.0&#8243; _module_preset=\u00bbdefault\u00bb global_colors_info=\u00bb{}\u00bb][dipi_carousel space_between=\u00bb35&#8243; speed=\u00bb2301&#8243; loop_wide=\u00bbon\u00bb autoplay_wide=\u00bbon\u00bb continues_wide=\u00bbon\u00bb autoplay_speed_wide=\u00bb6001&#8243; loop_mid=\u00bbon\u00bb loop_small=\u00bbon\u00bb columns_tablet=\u00bb3&#8243; columns_phone=\u00bb1&#8243; columns_last_edited=\u00bbon|desktop\u00bb _builder_version=\u00bb4.21.0&#8243; _module_preset=\u00bbdefault\u00bb global_colors_info=\u00bb{}\u00bb][dipi_carousel_child label=\u00bb1&#8243; img_src=\u00bbhttps:\/\/www.botigatorrons.com\/wp-content\/uploads\/2023\/05\/Gelats-Xixona-M.Mira11.png\u00bb _builder_version=\u00bb4.21.0&#8243; _module_preset=\u00bbdefault\u00bb global_colors_info=\u00bb{}\u00bb][\/dipi_carousel_child][dipi_carousel_child label=\u00bb2&#8243; img_src=\u00bbhttps:\/\/www.botigatorrons.com\/wp-content\/uploads\/2023\/05\/Gelats-Xixona-M.Mira9_.png\u00bb _builder_version=\u00bb4.21.0&#8243; _module_preset=\u00bbdefault\u00bb global_colors_info=\u00bb{}\u00bb][\/dipi_carousel_child][dipi_carousel_child label=\u00bb3&#8243; img_src=\u00bbhttps:\/\/www.botigatorrons.com\/wp-content\/uploads\/2023\/05\/Gelats-Xixona-M.Mira10.png\u00bb _builder_version=\u00bb4.21.0&#8243; _module_preset=\u00bbdefault\u00bb global_colors_info=\u00bb{}\u00bb][\/dipi_carousel_child][dipi_carousel_child label=\u00bb4&#8243; img_src=\u00bbhttps:\/\/www.botigatorrons.com\/wp-content\/uploads\/2023\/05\/Gelats-Xixona-M.Mira7_.png\u00bb _builder_version=\u00bb4.21.0&#8243; _module_preset=\u00bbdefault\u00bb global_colors_info=\u00bb{}\u00bb][\/dipi_carousel_child][\/dipi_carousel][\/et_pb_column][\/et_pb_row][\/et_pb_section][et_pb_section fb_built=\u00bb1&#8243; _builder_version=\u00bb4.21.0&#8243; _module_preset=\u00bbdefault\u00bb global_colors_info=\u00bb{}\u00bb][et_pb_row column_structure=\u00bb1_2,1_2&#8243; make_equal=\u00bbon\u00bb _builder_version=\u00bb4.21.0&#8243; _module_preset=\u00bbdefault\u00bb custom_css_main_element=\u00bbalign-items:center\u00bb global_colors_info=\u00bb{}\u00bb][et_pb_column type=\u00bb1_2&#8243; _builder_version=\u00bb4.21.0&#8243; _module_preset=\u00bbdefault\u00bb global_colors_info=\u00bb{}\u00bb][et_pb_code _builder_version=\u00bb4.21.0&#8243; _module_preset=\u00bbdefault\u00bb hover_enabled=\u00bb0&#8243; global_colors_info=\u00bb{}\u00bb sticky_enabled=\u00bb0&#8243;]<iframe src=\"https:\/\/maps.googleapis.com\/maps\/embed?pb=!1m14!1m8!1m3!1d2336.7475850838805!2d1.701654771516478!3d41.339755823863484!3m2!1i1024!2i768!4f13.1!3m3!1m2!1s0x12a4798e3fbd9b95%3A0x16bb5bf58540c974!2sXixona-M.Mira%20Gelats%20i%20torrons!5e0!3m2!1sca!2ses!4v1694097186942!5m2!1sca!2ses\" width=\"600\" height=\"450\" style=\"border:0;\" allowfullscreen=\"\" loading=\"lazy\" referrerpolicy=\"no-referrer-when-downgrade\"><\/iframe>[\/et_pb_code][\/et_pb_column][et_pb_column type=\u00bb1_2&#8243; _builder_version=\u00bb4.21.0&#8243; _module_preset=\u00bbdefault\u00bb global_colors_info=\u00bb{}\u00bb][et_pb_text _builder_version=\u00bb4.21.0&#8243; _module_preset=\u00bbdefault\u00bb global_colors_info=\u00bb{}\u00bb]<\/p>\n<h2>Som aqu\u00ed<\/h2>\n<p>Ubicats al cor de Vilafranca del Pened\u00e8s, t&#8217;esperem amb una gran varietat de deliciosos torrons, gelats, orxates i granissats. Vine a visitar-nos!<\/p>\n<p>Dilluns\u00a0 \u00a0 \u00a0 \u00a0 \u00a0 \u00a0 9:30\u201313:30 \/ 14:30-20:30<br \/>\nDimarts\u00a0 \u00a0 \u00a0 \u00a0 \u00a0 9:30\u201313:30 \/ 14:30-20:30<br \/>\nDimecres\u00a0 \u00a0 \u00a0 \u00a09:30\u201313:30 \/ 14:30-20:30<br \/>\nDijous\u00a0 \u00a0 \u00a0 \u00a0 \u00a0 \u00a0 \u00a0 9:30\u201313:30 \/ 14:30-20:30<br \/>\nDivendres\u00a0 \u00a0 \u00a0 9:30\u201313:30 \/ 14:30-20:30<br \/>\nDissabte\u00a0 \u00a0 \u00a0 \u00a0 \u00a09:30\u201314:00 \/ 17:00-20:30<br \/>\nDiumenge\u00a0 \u00a0 \u00a0 10:30\u201314:00[\/et_pb_text][\/et_pb_column][\/et_pb_row][\/et_pb_section]<\/p>\n","protected":false},"excerpt":{"rendered":"<p>Maite Mira Has llegado a la tienda de M. Mira. Aqu\u00ed descubrir\u00e1s una selecci\u00f3n de turrones artesanales y helados exquisitos, todos ellos elaborados siguiendo la tradici\u00f3n familiar que se remonta a m\u00e1s de 50 a\u00f1os. Esta pasi\u00f3n por la dulzura se ha transmitido de generaci\u00f3n en generaci\u00f3n, y ahora puedes disfrutarla en nuestro establecimiento de [&hellip;]<\/p>\n","protected":false},"author":1,"featured_media":0,"parent":0,"menu_order":0,"comment_status":"closed","ping_status":"closed","template":"","meta":{"_et_pb_use_builder":"on","_et_pb_old_content":"","_et_gb_content_width":"","footnotes":""},"dipi_cpt_category":[],"class_list":["post-952","page","type-page","status-publish","hentry"],"_links":{"self":[{"href":"https:\/\/www.botigatorrons.com\/es\/wp-json\/wp\/v2\/pages\/952","targetHints":{"allow":["GET"]}}],"collection":[{"href":"https:\/\/www.botigatorrons.com\/es\/wp-json\/wp\/v2\/pages"}],"about":[{"href":"https:\/\/www.botigatorrons.com\/es\/wp-json\/wp\/v2\/types\/page"}],"author":[{"embeddable":true,"href":"https:\/\/www.botigatorrons.com\/es\/wp-json\/wp\/v2\/users\/1"}],"replies":[{"embeddable":true,"href":"https:\/\/www.botigatorrons.com\/es\/wp-json\/wp\/v2\/comments?post=952"}],"version-history":[{"count":35,"href":"https:\/\/www.botigatorrons.com\/es\/wp-json\/wp\/v2\/pages\/952\/revisions"}],"predecessor-version":[{"id":1109,"href":"https:\/\/www.botigatorrons.com\/es\/wp-json\/wp\/v2\/pages\/952\/revisions\/1109"}],"wp:attachment":[{"href":"https:\/\/www.botigatorrons.com\/es\/wp-json\/wp\/v2\/media?parent=952"}],"wp:term":[{"taxonomy":"dipi_cpt_category","embeddable":true,"href":"https:\/\/www.botigatorrons.com\/es\/wp-json\/wp\/v2\/dipi_cpt_category?post=952"}],"curies":[{"name":"wp","href":"https:\/\/api.w.org\/{rel}","templated":true}]}}