{"id":1084,"date":"2023-11-24T10:57:34","date_gmt":"2023-11-24T10:57:34","guid":{"rendered":"https:\/\/www.botigatorrons.com\/?post_type=product&#038;p=1084"},"modified":"2024-12-02T09:42:19","modified_gmt":"2024-12-02T09:42:19","slug":"turron-de-chocolate-con-leche-con-avellana-serrada","status":"publish","type":"product","link":"https:\/\/www.botigatorrons.com\/es\/producto\/turron-de-chocolate-con-leche-con-avellana-serrada\/","title":{"rendered":"Turr\u00f3n de chocolate con leche con avellana aserrada"},"content":{"rendered":"<p>El Turr\u00f3n de chocolate con leche con avellana aserrada es posiblemente el turr\u00f3n m\u00e1s valorado por los m\u00e1s peque\u00f1os. El turr\u00f3n de chocolate tiene infinidades de variaciones, pero lo t\u00edpico es combinarlo con frutos secos como la almendra y la avellana.<\/p>\n<p>Esta variedad de turr\u00f3n es de chocolate con leche con avellana aserrada.<\/p>\n","protected":false},"excerpt":{"rendered":"<p>El Turr\u00f3n de chocolate con leche con avellana aserrada es posiblemente el turr\u00f3n m\u00e1s valorado por los m\u00e1s peque\u00f1os. El turr\u00f3n de chocolate tiene infinidades de variaciones, pero lo t\u00edpico es combinarlo con frutos secos como la almendra y la avellana. Esta variedad de turr\u00f3n es de chocolate con leche con avellana aserrada.<\/p>\n","protected":false},"featured_media":591,"comment_status":"closed","ping_status":"closed","template":"","meta":{"_et_pb_use_builder":"","_et_pb_old_content":"","_et_gb_content_width":""},"product_brand":[],"product_cat":[73],"product_tag":[100,76,77,75],"class_list":{"0":"post-1084","1":"product","2":"type-product","3":"status-publish","4":"has-post-thumbnail","6":"product_cat-turrones","7":"product_tag-avellana-es","8":"product_tag-chocolate","9":"product_tag-chocolate-negro","10":"product_tag-turron-de-chocolate","12":"first","13":"instock","14":"taxable","15":"shipping-taxable","16":"purchasable","17":"product-type-simple"},"_links":{"self":[{"href":"https:\/\/www.botigatorrons.com\/es\/wp-json\/wp\/v2\/product\/1084","targetHints":{"allow":["GET"]}}],"collection":[{"href":"https:\/\/www.botigatorrons.com\/es\/wp-json\/wp\/v2\/product"}],"about":[{"href":"https:\/\/www.botigatorrons.com\/es\/wp-json\/wp\/v2\/types\/product"}],"replies":[{"embeddable":true,"href":"https:\/\/www.botigatorrons.com\/es\/wp-json\/wp\/v2\/comments?post=1084"}],"wp:featuredmedia":[{"embeddable":true,"href":"https:\/\/www.botigatorrons.com\/es\/wp-json\/wp\/v2\/media\/591"}],"wp:attachment":[{"href":"https:\/\/www.botigatorrons.com\/es\/wp-json\/wp\/v2\/media?parent=1084"}],"wp:term":[{"taxonomy":"product_brand","embeddable":true,"href":"https:\/\/www.botigatorrons.com\/es\/wp-json\/wp\/v2\/product_brand?post=1084"},{"taxonomy":"product_cat","embeddable":true,"href":"https:\/\/www.botigatorrons.com\/es\/wp-json\/wp\/v2\/product_cat?post=1084"},{"taxonomy":"product_tag","embeddable":true,"href":"https:\/\/www.botigatorrons.com\/es\/wp-json\/wp\/v2\/product_tag?post=1084"}],"curies":[{"name":"wp","href":"https:\/\/api.w.org\/{rel}","templated":true}]}}