{"id":640,"date":"2012-11-16T18:03:43","date_gmt":"2012-11-16T18:03:43","guid":{"rendered":"http:\/\/www.botigatorrons.com\/product\/almendros\/"},"modified":"2023-07-21T08:22:18","modified_gmt":"2023-07-21T08:22:18","slug":"almendros","status":"publish","type":"product","link":"https:\/\/www.botigatorrons.com\/es\/producto\/almendros\/","title":{"rendered":"Almendros"},"content":{"rendered":"<p>Con forma de almendra se rellena de turr\u00f3n de piedra, un turr\u00f3n parecido al de Jijona pero picando los ingredientes en un molino de dos piedras redondas. La forma de rellenar estas almendras es una t\u00e9cnica que se transmite de generaci\u00f3n en generaci\u00f3n.<\/p>\n","protected":false},"excerpt":{"rendered":"<p>Con forma de almendra se rellena de turr\u00f3n de piedra, un turr\u00f3n parecido al de Jijona pero picando los ingredientes en un molino de dos piedras redondas. La forma de rellenar estas almendras es una t\u00e9cnica que se transmite de generaci\u00f3n en generaci\u00f3n.<\/p>\n","protected":false},"featured_media":604,"comment_status":"closed","ping_status":"closed","template":"","meta":{"_et_pb_use_builder":"","_et_pb_old_content":"","_et_gb_content_width":""},"product_brand":[],"product_cat":[69],"product_tag":[],"class_list":{"0":"post-640","1":"product","2":"type-product","3":"status-publish","4":"has-post-thumbnail","6":"product_cat-polvorones-y-otros-productos-de-navidad","8":"first","9":"instock","10":"taxable","11":"shipping-taxable","12":"purchasable","13":"product-type-variable"},"_links":{"self":[{"href":"https:\/\/www.botigatorrons.com\/es\/wp-json\/wp\/v2\/product\/640","targetHints":{"allow":["GET"]}}],"collection":[{"href":"https:\/\/www.botigatorrons.com\/es\/wp-json\/wp\/v2\/product"}],"about":[{"href":"https:\/\/www.botigatorrons.com\/es\/wp-json\/wp\/v2\/types\/product"}],"replies":[{"embeddable":true,"href":"https:\/\/www.botigatorrons.com\/es\/wp-json\/wp\/v2\/comments?post=640"}],"wp:featuredmedia":[{"embeddable":true,"href":"https:\/\/www.botigatorrons.com\/es\/wp-json\/wp\/v2\/media\/604"}],"wp:attachment":[{"href":"https:\/\/www.botigatorrons.com\/es\/wp-json\/wp\/v2\/media?parent=640"}],"wp:term":[{"taxonomy":"product_brand","embeddable":true,"href":"https:\/\/www.botigatorrons.com\/es\/wp-json\/wp\/v2\/product_brand?post=640"},{"taxonomy":"product_cat","embeddable":true,"href":"https:\/\/www.botigatorrons.com\/es\/wp-json\/wp\/v2\/product_cat?post=640"},{"taxonomy":"product_tag","embeddable":true,"href":"https:\/\/www.botigatorrons.com\/es\/wp-json\/wp\/v2\/product_tag?post=640"}],"curies":[{"name":"wp","href":"https:\/\/api.w.org\/{rel}","templated":true}]}}