{"id":648,"date":"2012-11-16T18:02:50","date_gmt":"2012-11-16T18:02:50","guid":{"rendered":"http:\/\/www.botigatorrons.com\/product\/pastelitos-de-gloria\/"},"modified":"2023-07-21T08:23:07","modified_gmt":"2023-07-21T08:23:07","slug":"pastelitos-de-gloria","status":"publish","type":"product","link":"https:\/\/www.botigatorrons.com\/es\/producto\/pastelitos-de-gloria\/","title":{"rendered":"Pastelitos de gloria"},"content":{"rendered":"<p>Al igual que los pastelitos de yema, los pastelitos de gloria son para los golosos. Hechos de mazap\u00e1n y rellenos de boniato, con un puntito de canela, se recubren con clara de huevo y despu\u00e9s de un golpe de horno se cubren con az\u00facar fino.<\/p>\n<p>Todo esto hace que tengan una fina textura y un gusto exquisito.<\/p>\n","protected":false},"excerpt":{"rendered":"<p>Al igual que los pastelitos de yema, los pastelitos de gloria son para los golosos. Hechos de mazap\u00e1n y rellenos de boniato, con un puntito de canela, se recubren con clara de huevo y despu\u00e9s de un golpe de horno se cubren con az\u00facar fino. Todo esto hace que tengan una fina textura y un [&hellip;]<\/p>\n","protected":false},"featured_media":601,"comment_status":"closed","ping_status":"closed","template":"","meta":{"_et_pb_use_builder":"","_et_pb_old_content":"","_et_gb_content_width":""},"product_brand":[],"product_cat":[69],"product_tag":[85,80],"class_list":{"0":"post-648","1":"product","2":"type-product","3":"status-publish","4":"has-post-thumbnail","6":"product_cat-polvorones-y-otros-productos-de-navidad","7":"product_tag-boniato","8":"product_tag-pastelitos","10":"first","11":"instock","12":"taxable","13":"shipping-taxable","14":"purchasable","15":"product-type-variable"},"_links":{"self":[{"href":"https:\/\/www.botigatorrons.com\/es\/wp-json\/wp\/v2\/product\/648","targetHints":{"allow":["GET"]}}],"collection":[{"href":"https:\/\/www.botigatorrons.com\/es\/wp-json\/wp\/v2\/product"}],"about":[{"href":"https:\/\/www.botigatorrons.com\/es\/wp-json\/wp\/v2\/types\/product"}],"replies":[{"embeddable":true,"href":"https:\/\/www.botigatorrons.com\/es\/wp-json\/wp\/v2\/comments?post=648"}],"wp:featuredmedia":[{"embeddable":true,"href":"https:\/\/www.botigatorrons.com\/es\/wp-json\/wp\/v2\/media\/601"}],"wp:attachment":[{"href":"https:\/\/www.botigatorrons.com\/es\/wp-json\/wp\/v2\/media?parent=648"}],"wp:term":[{"taxonomy":"product_brand","embeddable":true,"href":"https:\/\/www.botigatorrons.com\/es\/wp-json\/wp\/v2\/product_brand?post=648"},{"taxonomy":"product_cat","embeddable":true,"href":"https:\/\/www.botigatorrons.com\/es\/wp-json\/wp\/v2\/product_cat?post=648"},{"taxonomy":"product_tag","embeddable":true,"href":"https:\/\/www.botigatorrons.com\/es\/wp-json\/wp\/v2\/product_tag?post=648"}],"curies":[{"name":"wp","href":"https:\/\/api.w.org\/{rel}","templated":true}]}}