{"id":652,"date":"2012-11-16T18:02:14","date_gmt":"2012-11-16T18:02:14","guid":{"rendered":"http:\/\/www.botigatorrons.com\/product\/turron-de-alicante\/"},"modified":"2023-07-21T08:24:05","modified_gmt":"2023-07-21T08:24:05","slug":"torro-dealicante","status":"publish","type":"product","link":"https:\/\/www.botigatorrons.com\/es\/producto\/torro-dealicante\/","title":{"rendered":"Turr\u00f3n de Alicante"},"content":{"rendered":"<p>A diferencia del turr\u00f3n de Jijona, el turr\u00f3n de Alicante es un turr\u00f3n duro. Contiene la almendra marcona tostada, la miel, el az\u00facar y la clara de huevo, que es lo que le da ese color blanco. La almendra, el ingrediente principal, es un componente muy importante de la dieta mediterr\u00e1nea, puesto que aporta un gran valor nutritivo.<\/p>\n<p>A partir de un turr\u00f3n de Alicante se elabora el turr\u00f3n de Jijona despu\u00e9s de un largo proceso.<\/p>\n","protected":false},"excerpt":{"rendered":"<p>A diferencia del turr\u00f3n de Jijona, el turr\u00f3n de Alicante es un turr\u00f3n duro. Contiene la almendra marcona tostada, la miel, el az\u00facar y la clara de huevo, que es lo que le da ese color blanco. La almendra, el ingrediente principal, es un componente muy importante de la dieta mediterr\u00e1nea, puesto que aporta un [&hellip;]<\/p>\n","protected":false},"featured_media":588,"comment_status":"closed","ping_status":"closed","template":"","meta":{"_et_pb_use_builder":"","_et_pb_old_content":"","_et_gb_content_width":""},"product_brand":[],"product_cat":[73],"product_tag":[86,83,87],"class_list":{"0":"post-652","1":"product","2":"type-product","3":"status-publish","4":"has-post-thumbnail","6":"product_cat-turrones","7":"product_tag-alicante","8":"product_tag-almendra","9":"product_tag-turron-de-alicante","11":"first","12":"instock","13":"taxable","14":"shipping-taxable","15":"purchasable","16":"product-type-variable"},"_links":{"self":[{"href":"https:\/\/www.botigatorrons.com\/es\/wp-json\/wp\/v2\/product\/652","targetHints":{"allow":["GET"]}}],"collection":[{"href":"https:\/\/www.botigatorrons.com\/es\/wp-json\/wp\/v2\/product"}],"about":[{"href":"https:\/\/www.botigatorrons.com\/es\/wp-json\/wp\/v2\/types\/product"}],"replies":[{"embeddable":true,"href":"https:\/\/www.botigatorrons.com\/es\/wp-json\/wp\/v2\/comments?post=652"}],"wp:featuredmedia":[{"embeddable":true,"href":"https:\/\/www.botigatorrons.com\/es\/wp-json\/wp\/v2\/media\/588"}],"wp:attachment":[{"href":"https:\/\/www.botigatorrons.com\/es\/wp-json\/wp\/v2\/media?parent=652"}],"wp:term":[{"taxonomy":"product_brand","embeddable":true,"href":"https:\/\/www.botigatorrons.com\/es\/wp-json\/wp\/v2\/product_brand?post=652"},{"taxonomy":"product_cat","embeddable":true,"href":"https:\/\/www.botigatorrons.com\/es\/wp-json\/wp\/v2\/product_cat?post=652"},{"taxonomy":"product_tag","embeddable":true,"href":"https:\/\/www.botigatorrons.com\/es\/wp-json\/wp\/v2\/product_tag?post=652"}],"curies":[{"name":"wp","href":"https:\/\/api.w.org\/{rel}","templated":true}]}}