{"id":656,"date":"2012-11-16T18:01:30","date_gmt":"2012-11-16T18:01:30","guid":{"rendered":"http:\/\/www.botigatorrons.com\/product\/turron-de-yema\/"},"modified":"2023-07-21T08:26:09","modified_gmt":"2023-07-21T08:26:09","slug":"turron-de-yema","status":"publish","type":"product","link":"https:\/\/www.botigatorrons.com\/es\/producto\/turron-de-yema\/","title":{"rendered":"Turr\u00f3n de Yema"},"content":{"rendered":"<p>Es un turr\u00f3n de la familia de los mazapanes compuesto de yema de huevo, az\u00facar y almendra. Es uno de nuestros productos estrella de Navidad.<\/p>\n<p>Al final de su proceso se le pone una fina capa de az\u00facar por encima y se quema con una pala a alta temperatura, de ah\u00ed su apodo de quemado o turr\u00f3n de yema quemada.<\/p>\n<p>Nosotros recomendamos encargarlo y venir a buscarlo en los \u00faltimos d\u00edas antes de Navidad, porque as\u00ed est\u00e1 reci\u00e9n quemado.<\/p>\n","protected":false},"excerpt":{"rendered":"<p>Es un turr\u00f3n de la familia de los mazapanes compuesto de yema de huevo, az\u00facar y almendra. Es uno de nuestros productos estrella de Navidad. Al final de su proceso se le pone una fina capa de az\u00facar por encima y se quema con una pala a alta temperatura, de ah\u00ed su apodo de quemado [&hellip;]<\/p>\n","protected":false},"featured_media":590,"comment_status":"closed","ping_status":"closed","template":"","meta":{"_et_pb_use_builder":"","_et_pb_old_content":"","_et_gb_content_width":""},"product_brand":[],"product_cat":[73],"product_tag":[90,78,89],"class_list":{"0":"post-656","1":"product","2":"type-product","3":"status-publish","4":"has-post-thumbnail","6":"product_cat-turrones","7":"product_tag-turron-de-yema","8":"product_tag-yema","9":"product_tag-yema-quemada","11":"first","12":"instock","13":"taxable","14":"shipping-taxable","15":"purchasable","16":"product-type-variable"},"_links":{"self":[{"href":"https:\/\/www.botigatorrons.com\/es\/wp-json\/wp\/v2\/product\/656","targetHints":{"allow":["GET"]}}],"collection":[{"href":"https:\/\/www.botigatorrons.com\/es\/wp-json\/wp\/v2\/product"}],"about":[{"href":"https:\/\/www.botigatorrons.com\/es\/wp-json\/wp\/v2\/types\/product"}],"replies":[{"embeddable":true,"href":"https:\/\/www.botigatorrons.com\/es\/wp-json\/wp\/v2\/comments?post=656"}],"wp:featuredmedia":[{"embeddable":true,"href":"https:\/\/www.botigatorrons.com\/es\/wp-json\/wp\/v2\/media\/590"}],"wp:attachment":[{"href":"https:\/\/www.botigatorrons.com\/es\/wp-json\/wp\/v2\/media?parent=656"}],"wp:term":[{"taxonomy":"product_brand","embeddable":true,"href":"https:\/\/www.botigatorrons.com\/es\/wp-json\/wp\/v2\/product_brand?post=656"},{"taxonomy":"product_cat","embeddable":true,"href":"https:\/\/www.botigatorrons.com\/es\/wp-json\/wp\/v2\/product_cat?post=656"},{"taxonomy":"product_tag","embeddable":true,"href":"https:\/\/www.botigatorrons.com\/es\/wp-json\/wp\/v2\/product_tag?post=656"}],"curies":[{"name":"wp","href":"https:\/\/api.w.org\/{rel}","templated":true}]}}