{"id":660,"date":"2012-11-16T18:02:36","date_gmt":"2012-11-16T18:02:36","guid":{"rendered":"http:\/\/www.botigatorrons.com\/product\/terronico-o-guirlache\/"},"modified":"2023-07-21T08:23:26","modified_gmt":"2023-07-21T08:23:26","slug":"terronico-o-guirlache","status":"publish","type":"product","link":"https:\/\/www.botigatorrons.com\/es\/producto\/terronico-o-guirlache\/","title":{"rendered":"Terronico o Guirlache"},"content":{"rendered":"<p>El terronico es un turr\u00f3n que, a diferencia de los dem\u00e1s, combina la miel y el az\u00facar con la almendra con piel.<\/p>\n<p>Al llevar s\u00e9samo hace que sea un turr\u00f3n muy arom\u00e1tico y caramelizado que junto con la miel, el az\u00facar y la almendra hace un buen contraste.<\/p>\n","protected":false},"excerpt":{"rendered":"<p>El terronico es un turr\u00f3n que, a diferencia de los dem\u00e1s, combina la miel y el az\u00facar con la almendra con piel. Al llevar s\u00e9samo hace que sea un turr\u00f3n muy arom\u00e1tico y caramelizado que junto con la miel, el az\u00facar y la almendra hace un buen contraste.<\/p>\n","protected":false},"featured_media":589,"comment_status":"closed","ping_status":"closed","template":"","meta":{"_et_pb_use_builder":"","_et_pb_old_content":"","_et_gb_content_width":""},"product_brand":[],"product_cat":[73],"product_tag":[83,93,94,95],"class_list":{"0":"post-660","1":"product","2":"type-product","3":"status-publish","4":"has-post-thumbnail","6":"product_cat-turrones","7":"product_tag-almendra","8":"product_tag-guirlache","9":"product_tag-sesamo","10":"product_tag-terronico-es","12":"first","13":"instock","14":"taxable","15":"shipping-taxable","16":"purchasable","17":"product-type-simple"},"_links":{"self":[{"href":"https:\/\/www.botigatorrons.com\/es\/wp-json\/wp\/v2\/product\/660","targetHints":{"allow":["GET"]}}],"collection":[{"href":"https:\/\/www.botigatorrons.com\/es\/wp-json\/wp\/v2\/product"}],"about":[{"href":"https:\/\/www.botigatorrons.com\/es\/wp-json\/wp\/v2\/types\/product"}],"replies":[{"embeddable":true,"href":"https:\/\/www.botigatorrons.com\/es\/wp-json\/wp\/v2\/comments?post=660"}],"wp:featuredmedia":[{"embeddable":true,"href":"https:\/\/www.botigatorrons.com\/es\/wp-json\/wp\/v2\/media\/589"}],"wp:attachment":[{"href":"https:\/\/www.botigatorrons.com\/es\/wp-json\/wp\/v2\/media?parent=660"}],"wp:term":[{"taxonomy":"product_brand","embeddable":true,"href":"https:\/\/www.botigatorrons.com\/es\/wp-json\/wp\/v2\/product_brand?post=660"},{"taxonomy":"product_cat","embeddable":true,"href":"https:\/\/www.botigatorrons.com\/es\/wp-json\/wp\/v2\/product_cat?post=660"},{"taxonomy":"product_tag","embeddable":true,"href":"https:\/\/www.botigatorrons.com\/es\/wp-json\/wp\/v2\/product_tag?post=660"}],"curies":[{"name":"wp","href":"https:\/\/api.w.org\/{rel}","templated":true}]}}