{"id":661,"date":"2012-11-16T18:00:51","date_gmt":"2012-11-16T18:00:51","guid":{"rendered":"http:\/\/www.botigatorrons.com\/product\/turron-de-nata-y-nueces\/"},"modified":"2023-07-21T08:27:58","modified_gmt":"2023-07-21T08:27:58","slug":"turron-de-nata-y-nueces","status":"publish","type":"product","link":"https:\/\/www.botigatorrons.com\/es\/producto\/turron-de-nata-y-nueces\/","title":{"rendered":"Turr\u00f3n de nata y nueces"},"content":{"rendered":"<p>La base del turr\u00f3n de nata y nueces es un mazap\u00e1n con nata y trocitos de nueces.<\/p>\n","protected":false},"excerpt":{"rendered":"<p>La base del turr\u00f3n de nata y nueces es un mazap\u00e1n con nata y trocitos de nueces.<\/p>\n","protected":false},"featured_media":598,"comment_status":"closed","ping_status":"closed","template":"","meta":{"_et_pb_use_builder":"","_et_pb_old_content":"","_et_gb_content_width":""},"product_brand":[],"product_cat":[73],"product_tag":[79,96],"class_list":{"0":"post-661","1":"product","2":"type-product","3":"status-publish","4":"has-post-thumbnail","6":"product_cat-turrones","7":"product_tag-mazapan","8":"product_tag-turron-de-nata-y-nueces","10":"first","11":"instock","12":"taxable","13":"shipping-taxable","14":"purchasable","15":"product-type-simple"},"_links":{"self":[{"href":"https:\/\/www.botigatorrons.com\/es\/wp-json\/wp\/v2\/product\/661","targetHints":{"allow":["GET"]}}],"collection":[{"href":"https:\/\/www.botigatorrons.com\/es\/wp-json\/wp\/v2\/product"}],"about":[{"href":"https:\/\/www.botigatorrons.com\/es\/wp-json\/wp\/v2\/types\/product"}],"replies":[{"embeddable":true,"href":"https:\/\/www.botigatorrons.com\/es\/wp-json\/wp\/v2\/comments?post=661"}],"wp:featuredmedia":[{"embeddable":true,"href":"https:\/\/www.botigatorrons.com\/es\/wp-json\/wp\/v2\/media\/598"}],"wp:attachment":[{"href":"https:\/\/www.botigatorrons.com\/es\/wp-json\/wp\/v2\/media?parent=661"}],"wp:term":[{"taxonomy":"product_brand","embeddable":true,"href":"https:\/\/www.botigatorrons.com\/es\/wp-json\/wp\/v2\/product_brand?post=661"},{"taxonomy":"product_cat","embeddable":true,"href":"https:\/\/www.botigatorrons.com\/es\/wp-json\/wp\/v2\/product_cat?post=661"},{"taxonomy":"product_tag","embeddable":true,"href":"https:\/\/www.botigatorrons.com\/es\/wp-json\/wp\/v2\/product_tag?post=661"}],"curies":[{"name":"wp","href":"https:\/\/api.w.org\/{rel}","templated":true}]}}