{"id":663,"date":"2012-11-16T17:58:43","date_gmt":"2012-11-16T17:58:43","guid":{"rendered":"http:\/\/www.botigatorrons.com\/product\/turron-de-jijona\/"},"modified":"2025-08-05T10:41:30","modified_gmt":"2025-08-05T10:41:30","slug":"turron-de-jijona","status":"publish","type":"product","link":"https:\/\/www.botigatorrons.com\/es\/producto\/turron-de-jijona\/","title":{"rendered":"Turr\u00f3n de Jijona"},"content":{"rendered":"<p>Es el m\u00e1s valorado de los turrones. Nuestro turr\u00f3n de Jijona est\u00e1 elaborado a partir de productos primeros de primer\u00edsima calidad: la almendra marcona, la miel, el az\u00facar y la clara de huevo. Despu\u00e9s de todo el proceso de elaboraci\u00f3n, se trata cuidadosamente por manos llenas de sabidur\u00eda y experiencia, la cual nos permite dar el punto a los productos como lo hac\u00edan antiguamente. Un ejemplo es el punto de la miel, que se le da cogiendo un poco en la punta de los dedos.<\/p>\n<p>El turr\u00f3n de Jijona debe llegar a la textura deseada con el trocito de almendra a la medida justa que le da una uniformidad inmejorable y un gusto excepcional al paladar.<\/p>\n","protected":false},"excerpt":{"rendered":"<p>Es el m\u00e1s valorado de los turrones. Nuestro turr\u00f3n de Jijona est\u00e1 elaborado a partir de productos primeros de primer\u00edsima calidad: la almendra marcona, la miel, el az\u00facar y la clara de huevo. Despu\u00e9s de todo el proceso de elaboraci\u00f3n, se trata cuidadosamente por manos llenas de sabidur\u00eda y experiencia, la cual nos permite dar [&hellip;]<\/p>\n","protected":false},"featured_media":587,"comment_status":"closed","ping_status":"closed","template":"","meta":{"_et_pb_use_builder":"","_et_pb_old_content":"","_et_gb_content_width":""},"product_brand":[],"product_cat":[73],"product_tag":[83,97],"class_list":{"0":"post-663","1":"product","2":"type-product","3":"status-publish","4":"has-post-thumbnail","6":"product_cat-turrones","7":"product_tag-almendra","8":"product_tag-turron-de-jijona","10":"first","11":"instock","12":"taxable","13":"shipping-taxable","14":"purchasable","15":"product-type-variable"},"_links":{"self":[{"href":"https:\/\/www.botigatorrons.com\/es\/wp-json\/wp\/v2\/product\/663","targetHints":{"allow":["GET"]}}],"collection":[{"href":"https:\/\/www.botigatorrons.com\/es\/wp-json\/wp\/v2\/product"}],"about":[{"href":"https:\/\/www.botigatorrons.com\/es\/wp-json\/wp\/v2\/types\/product"}],"replies":[{"embeddable":true,"href":"https:\/\/www.botigatorrons.com\/es\/wp-json\/wp\/v2\/comments?post=663"}],"wp:featuredmedia":[{"embeddable":true,"href":"https:\/\/www.botigatorrons.com\/es\/wp-json\/wp\/v2\/media\/587"}],"wp:attachment":[{"href":"https:\/\/www.botigatorrons.com\/es\/wp-json\/wp\/v2\/media?parent=663"}],"wp:term":[{"taxonomy":"product_brand","embeddable":true,"href":"https:\/\/www.botigatorrons.com\/es\/wp-json\/wp\/v2\/product_brand?post=663"},{"taxonomy":"product_cat","embeddable":true,"href":"https:\/\/www.botigatorrons.com\/es\/wp-json\/wp\/v2\/product_cat?post=663"},{"taxonomy":"product_tag","embeddable":true,"href":"https:\/\/www.botigatorrons.com\/es\/wp-json\/wp\/v2\/product_tag?post=663"}],"curies":[{"name":"wp","href":"https:\/\/api.w.org\/{rel}","templated":true}]}}